{"id":9961,"date":"2024-01-16T12:28:47","date_gmt":"2024-01-16T17:28:47","guid":{"rendered":"https:\/\/crss-sct.ca\/?page_id=9961"},"modified":"2024-05-03T17:27:15","modified_gmt":"2024-05-03T21:27:15","slug":"csrs2024halifax","status":"publish","type":"page","link":"https:\/\/crss-sct.ca\/fr\/evenements\/csrs2024halifax\/","title":{"rendered":"45e Symposium canadien de t\u00e9l\u00e9d\u00e9tection"},"content":{"rendered":"<div id=\"fws_69f4c40c895e6\"  data-column-margin=\"default\" data-midnight=\"dark\"  class=\"wpb_row vc_row-fluid vc_row full-width-section\"  style=\"padding-top: 0px; padding-bottom: 0px; \"><div class=\"row-bg-wrap\" data-bg-animation=\"none\" data-bg-animation-delay=\"\" data-bg-overlay=\"false\"><div class=\"inner-wrap row-bg-layer\" ><div class=\"row-bg viewport-desktop\"  style=\"\"><\/div><\/div><\/div><div class=\"row_col_wrap_12 col span_12 dark center\">\n\t<div  class=\"vc_col-sm-12 wpb_column column_container vc_column_container col no-extra-padding inherit_tablet inherit_phone\"  data-padding-pos=\"all\" data-has-bg-color=\"false\" data-bg-color=\"\" data-bg-opacity=\"1\" data-animation=\"\" data-delay=\"0\" >\n\t\t<div class=\"vc_column-inner\" >\n\t\t\t<div class=\"wpb_wrapper\">\n\t\t\t\t<div class=\"img-with-aniamtion-wrap center margin_right_phone_12pct margin_left_phone_10pct\" data-max-width=\"150%\" data-max-width-mobile=\"150%\" data-shadow=\"none\" data-animation=\"fade-in\" >\n      <div class=\"inner\">\n        <div class=\"hover-wrap\"> \n          <div class=\"hover-wrap-inner\">\n            <img loading=\"lazy\" decoding=\"async\" class=\"img-with-animation skip-lazy\" data-delay=\"0\" height=\"800\" width=\"2560\" data-animation=\"fade-in\" src=\"https:\/\/crss-sct.ca\/wp-content\/uploads\/2024\/01\/socialmedia_webheader2-scaled.jpg\" alt=\"\" srcset=\"https:\/\/crss-sct.ca\/wp-content\/uploads\/2024\/01\/socialmedia_webheader2-scaled.jpg 2560w, https:\/\/crss-sct.ca\/wp-content\/uploads\/2024\/01\/socialmedia_webheader2-300x94.jpg 300w, https:\/\/crss-sct.ca\/wp-content\/uploads\/2024\/01\/socialmedia_webheader2-1024x320.jpg 1024w, https:\/\/crss-sct.ca\/wp-content\/uploads\/2024\/01\/socialmedia_webheader2-768x240.jpg 768w, https:\/\/crss-sct.ca\/wp-content\/uploads\/2024\/01\/socialmedia_webheader2-1536x480.jpg 1536w, https:\/\/crss-sct.ca\/wp-content\/uploads\/2024\/01\/socialmedia_webheader2-2048x640.jpg 2048w, https:\/\/crss-sct.ca\/wp-content\/uploads\/2024\/01\/socialmedia_webheader2-18x6.jpg 18w\" sizes=\"auto, (max-width: 2560px) 100vw, 2560px\" \/>\n          <\/div>\n        <\/div>\n      <\/div>\n    <\/div>\n\t\t\t<\/div> \n\t\t<\/div>\n\t<\/div> \n<\/div><\/div>\n\t\t<div id=\"fws_69f4c40c8ad83\"  data-column-margin=\"default\" data-midnight=\"dark\"  class=\"wpb_row vc_row-fluid vc_row full-width-section\"  style=\"padding-top: 0px; padding-bottom: 0px; \"><div class=\"row-bg-wrap\" data-bg-animation=\"none\" data-bg-animation-delay=\"\" data-bg-overlay=\"false\"><div class=\"inner-wrap row-bg-layer\" ><div class=\"row-bg viewport-desktop\"  style=\"\"><\/div><\/div><\/div><div class=\"row_col_wrap_12 col span_12 dark center\">\n\t<div  class=\"vc_col-sm-2 wpb_column column_container vc_column_container col no-extra-padding el_spacing_0px inherit_tablet inherit_phone\"  data-padding-pos=\"all\" data-has-bg-color=\"false\" data-bg-color=\"\" data-bg-opacity=\"1\" data-animation=\"\" data-delay=\"0\" >\n\t\t<div class=\"vc_column-inner\" >\n\t\t\t<div class=\"wpb_wrapper\">\n\t\t\t\t\n\t\t\t<\/div> \n\t\t<\/div>\n\t<\/div> \n\n\t<div  class=\"vc_col-sm-8 wpb_column column_container vc_column_container col no-extra-padding el_spacing_0px inherit_tablet inherit_phone\"  data-padding-pos=\"all\" data-has-bg-color=\"false\" data-bg-color=\"\" data-bg-opacity=\"1\" data-animation=\"\" data-delay=\"0\" >\n\t\t<div class=\"vc_column-inner\" >\n\t\t\t<div class=\"wpb_wrapper\">\n\t\t\t\t\t\n\t\t\n\t<div class=\"clients no-carousel four-cols fade-in-animation\" data-he=\"greyscale_to_color\" data-additional_padding=\"3\">\n\t\t\t<div><a href=\"https:\/\/beta.novascotia.ca\/\" target=\"_blank\">\n\t\t<img loading=\"lazy\" decoding=\"async\" src=\"https:\/\/crss-sct.ca\/wp-content\/uploads\/2023\/12\/nsflag_colour_fr-converted-by-Des-in-PS.jpg\" alt=\"Bilingual Government of Nova Scotia logo\" width=\"1814\" height=\"912\" \/>\t<\/a><\/div>\n\t<div><a href=\"https:\/\/businesseventshalifax.com\/events\/canadian-symposium-remote-sensing\" target=\"_blank\">\n\t\t<img loading=\"lazy\" decoding=\"async\" src=\"https:\/\/crss-sct.ca\/wp-content\/uploads\/2023\/12\/Discover-Halifax-DHFX-CMYK-med-medium.jpg\" alt=\"Discover Halifax logo\" width=\"1280\" height=\"989\" \/>\t<\/a><\/div>\n\t<div><a href=\"https:\/\/www.dal.ca\/\" target=\"_blank\">\n\t\t<img loading=\"lazy\" decoding=\"async\" src=\"https:\/\/crss-sct.ca\/wp-content\/uploads\/2023\/12\/Dalhousie-University-DAL_LogoHorz_RGB_Gold_Wingtip.png\" alt=\"Dalhousie Unier\" width=\"1488\" height=\"420\" \/>\t<\/a><\/div>\n\t<div><a href=\"https:\/\/www.isprs.org\/\" target=\"_blank\">\n\t\t<img loading=\"lazy\" decoding=\"async\" src=\"https:\/\/crss-sct.ca\/wp-content\/uploads\/2023\/12\/isprs_logo_300ppi_RGB-scaled.jpg\" alt=\"ISPRS logo\" width=\"2560\" height=\"1810\" \/>\t<\/a><\/div>\n\t<\/div>\n\t\n\n\t\t\t<\/div> \n\t\t<\/div>\n\t<\/div> \n\n\t<div  class=\"vc_col-sm-2 wpb_column column_container vc_column_container col no-extra-padding el_spacing_0px inherit_tablet inherit_phone\"  data-padding-pos=\"all\" data-has-bg-color=\"false\" data-bg-color=\"\" data-bg-opacity=\"1\" data-animation=\"\" data-delay=\"0\" >\n\t\t<div class=\"vc_column-inner\" >\n\t\t\t<div class=\"wpb_wrapper\">\n\t\t\t\t\n\t\t\t<\/div> \n\t\t<\/div>\n\t<\/div> \n<\/div><\/div>\n\t\t<div id=\"fws_69f4c40c8d875\"  data-column-margin=\"default\" data-midnight=\"dark\"  class=\"wpb_row vc_row-fluid vc_row\"  style=\"padding-top: 0px; padding-bottom: 0px; \"><div class=\"row-bg-wrap\" data-bg-animation=\"none\" data-bg-animation-delay=\"\" data-bg-overlay=\"false\"><div class=\"inner-wrap row-bg-layer\" ><div class=\"row-bg viewport-desktop\"  style=\"\"><\/div><\/div><\/div><div class=\"row_col_wrap_12 col span_12 dark left\">\n\t<div  class=\"vc_col-sm-12 wpb_column column_container vc_column_container col no-extra-padding inherit_tablet inherit_phone\"  data-padding-pos=\"all\" data-has-bg-color=\"false\" data-bg-color=\"\" data-bg-opacity=\"1\" data-animation=\"\" data-delay=\"0\" >\n\t\t<div class=\"vc_column-inner\" >\n\t\t\t<div class=\"wpb_wrapper\">\n\t\t\t\t<div class=\"divider-wrap\" data-alignment=\"default\"><div style=\"margin-top: 12.5px; height: 1px; margin-bottom: 12.5px;\" data-width=\"100%\" data-animate=\"\" data-animation-delay=\"\" data-color=\"default\" class=\"divider-border\"><\/div><\/div>\n\t\t\t<\/div> \n\t\t<\/div>\n\t<\/div> \n<\/div><\/div>\n\t\t<div id=\"fws_69f4c40c8e500\"  data-column-margin=\"default\" data-midnight=\"dark\"  class=\"wpb_row vc_row-fluid vc_row\"  style=\"padding-top: 0px; padding-bottom: 0px; \"><div class=\"row-bg-wrap\" data-bg-animation=\"none\" data-bg-animation-delay=\"\" data-bg-overlay=\"false\"><div class=\"inner-wrap row-bg-layer\" ><div class=\"row-bg viewport-desktop\"  style=\"\"><\/div><\/div><\/div><div class=\"row_col_wrap_12 col span_12 dark left\">\n\t<div  class=\"vc_col-sm-12 vc_hidden-lg vc_hidden-md wpb_column column_container vc_column_container col no-extra-padding inherit_tablet inherit_phone\"  data-padding-pos=\"all\" data-has-bg-color=\"false\" data-bg-color=\"\" data-bg-opacity=\"1\" data-animation=\"\" data-delay=\"0\" >\n\t\t<div class=\"vc_column-inner\" >\n\t\t\t<div class=\"wpb_wrapper\">\n\t\t\t\t<div class=\"toggles\" data-br=\"\" data-starting=\"default\" data-style=\"default\"><div class=\"toggle accent-color\" data-inner-wrap=\"true\"><h3 class=\"toggle-title\"><a href=\"#\" role=\"button\" class=\"toggle-heading\"><i role=\"presentation\" class=\"fa fa-plus-circle\"><\/i>MENU<\/a><\/h3><div><div class=\"inner-toggle-wrap\"><div  class=\"vc_wp_custommenu wpb_content_element\"><div class=\"widget widget_nav_menu\"><div class=\"menu-csrs-2024-container\"><ul id=\"menu-csrs-2024\" class=\"menu\"><li id=\"menu-item-10152\" class=\"menu-item menu-item-type-post_type menu-item-object-page menu-item-has-children menu-item-10152\"><a href=\"https:\/\/crss-sct.ca\/fr\/evenements\/csrs2024halifax\/\" aria-haspopup=\"true\" aria-expanded=\"false\">45e Symposium canadien de t\u00e9l\u00e9d\u00e9tection<\/a>\n<ul class=\"sub-menu\">\n\t<li id=\"menu-item-10223\" class=\"menu-item menu-item-type-post_type menu-item-object-page menu-item-10223\"><a href=\"https:\/\/crss-sct.ca\/fr\/evenements\/csrs2024halifax\/organizing-committee\/\">Comit\u00e9 d'organisation<\/a><\/li>\n<\/ul>\n<\/li>\n<li id=\"menu-item-10150\" class=\"menu-item menu-item-type-post_type menu-item-object-page menu-item-has-children menu-item-10150\"><a href=\"https:\/\/crss-sct.ca\/fr\/evenements\/csrs2024halifax\/program\/\" aria-haspopup=\"true\" aria-expanded=\"false\">Programme<\/a>\n<ul class=\"sub-menu\">\n\t<li id=\"menu-item-10315\" class=\"menu-item menu-item-type-post_type menu-item-object-page menu-item-10315\"><a href=\"https:\/\/crss-sct.ca\/fr\/evenements\/csrs2024halifax\/keynote-speakers\/\">Conf\u00e9renciers keynote<\/a><\/li>\n\t<li id=\"menu-item-10292\" class=\"menu-item menu-item-type-post_type menu-item-object-page menu-item-10292\"><a href=\"https:\/\/crss-sct.ca\/fr\/evenements\/csrs2024halifax\/workshops\/\">Ateliers<\/a><\/li>\n<\/ul>\n<\/li>\n<li id=\"menu-item-10153\" class=\"menu-item menu-item-type-custom menu-item-object-custom menu-item-has-children menu-item-10153\"><a href=\"https:\/\/businesseventshalifax.com\/events\/canadian-symposium-remote-sensing\" aria-haspopup=\"true\" aria-expanded=\"false\">D\u00e9couvrir Halifax<\/a>\n<ul class=\"sub-menu\">\n\t<li id=\"menu-item-10154\" class=\"menu-item menu-item-type-custom menu-item-object-custom menu-item-10154\"><a href=\"https:\/\/businesseventshalifax.com\/events\/canadian-symposium-remote-sensing\">D\u00e9couvrir Halifax<\/a><\/li>\n\t<li id=\"menu-item-10151\" class=\"menu-item menu-item-type-post_type menu-item-object-page menu-item-10151\"><a href=\"https:\/\/crss-sct.ca\/fr\/evenements\/csrs2024halifax\/venue-maps\/\">Plans des lieux<\/a><\/li>\n\t<li id=\"menu-item-10155\" class=\"menu-item menu-item-type-post_type menu-item-object-page menu-item-10155\"><a href=\"https:\/\/crss-sct.ca\/fr\/evenements\/csrs2024halifax\/accommodation\/\">H\u00e9bergement - R\u00e9servez t\u00f4t !<\/a><\/li>\n\t<li id=\"menu-item-10156\" class=\"menu-item menu-item-type-post_type menu-item-object-page menu-item-10156\"><a href=\"https:\/\/crss-sct.ca\/fr\/evenements\/csrs2024halifax\/flights-halifax\/\">Vols vers Halifax<\/a><\/li>\n<\/ul>\n<\/li>\n<li id=\"menu-item-10157\" class=\"menu-item menu-item-type-post_type menu-item-object-page menu-item-10157\"><a href=\"https:\/\/crss-sct.ca\/fr\/evenements\/csrs2024halifax\/registration\/\">Inscription<\/a><\/li>\n<li id=\"menu-item-10158\" class=\"menu-item menu-item-type-custom menu-item-object-custom menu-item-has-children menu-item-10158\"><a aria-haspopup=\"true\" aria-expanded=\"false\">Auteurs<\/a>\n<ul class=\"sub-menu\">\n\t<li id=\"menu-item-10159\" class=\"menu-item menu-item-type-post_type menu-item-object-page menu-item-10159\"><a href=\"https:\/\/crss-sct.ca\/fr\/evenements\/csrs2024halifax\/important-dates\/\">Dates importantes<\/a><\/li>\n\t<li id=\"menu-item-10160\" class=\"menu-item menu-item-type-post_type menu-item-object-page menu-item-10160\"><a href=\"https:\/\/crss-sct.ca\/fr\/evenements\/csrs2024halifax\/extended-abstracts\/\">Appel de r\u00e9sum\u00e9s d\u00e9taill\u00e9s<\/a><\/li>\n\t<li id=\"menu-item-10161\" class=\"menu-item menu-item-type-post_type menu-item-object-page menu-item-10161\"><a href=\"https:\/\/crss-sct.ca\/fr\/evenements\/csrs2024halifax\/applied-remote-sensing\/\">Appel \u00e0 r\u00e9sum\u00e9s sur le sujet \u00ab T\u00e9l\u00e9d\u00e9tection appliqu\u00e9e \u00bb<\/a><\/li>\n\t<li id=\"menu-item-10162\" class=\"menu-item menu-item-type-post_type menu-item-object-page menu-item-10162\"><a href=\"https:\/\/crss-sct.ca\/fr\/evenements\/csrs2024halifax\/invited-sessions-closed\/\">Appel \u00e0 propositions pour les sessions invit\u00e9es - FERM\u00c9<\/a><\/li>\n<\/ul>\n<\/li>\n<li id=\"menu-item-10164\" class=\"menu-item menu-item-type-post_type menu-item-object-page menu-item-has-children menu-item-10164\"><a href=\"https:\/\/crss-sct.ca\/fr\/evenements\/csrs2024halifax\/sponsors-exhibitors\/\" aria-haspopup=\"true\" aria-expanded=\"false\">Sponsors &amp; Exposants<\/a>\n<ul class=\"sub-menu\">\n\t<li id=\"menu-item-10163\" class=\"menu-item menu-item-type-post_type menu-item-object-page menu-item-10163\"><a href=\"https:\/\/crss-sct.ca\/fr\/evenements\/csrs2024halifax\/sponsorship-exhibitor-booths\/\">Parrainage &amp; Kiosques d'exposants<\/a><\/li>\n<\/ul>\n<\/li>\n<\/ul><\/div><\/div><\/div><\/div><\/div><\/div><\/div>\n\n\n\n\n\n\n\n\n\n\n\n\n\n\n\n\n\n\n\n\n\t\t\t<\/div> \n\t\t<\/div>\n\t<\/div> \n<\/div><\/div>\n\t\t<div id=\"proposals\"  data-column-margin=\"default\" data-midnight=\"dark\" data-bottom-percent=\"5%\"  class=\"wpb_row vc_row-fluid vc_row full-width-section\"  style=\"padding-top: 0px; padding-bottom: calc(100vw * 0.05); \"><div class=\"row-bg-wrap\" data-bg-animation=\"none\" data-bg-animation-delay=\"\" data-bg-overlay=\"false\"><div class=\"inner-wrap row-bg-layer\" ><div class=\"row-bg viewport-desktop\"  style=\"\"><\/div><\/div><\/div><div class=\"row_col_wrap_12 col span_12 dark left\">\n\t<div  class=\"vc_col-sm-3 vc_hidden-sm vc_hidden-xs wpb_column column_container vc_column_container col nectar-sticky-column-css no-extra-padding inherit_tablet inherit_phone\"  data-padding-pos=\"bottom\" data-has-bg-color=\"false\" data-bg-color=\"\" data-bg-opacity=\"1\" data-animation=\"\" data-delay=\"0\" >\n\t\t<div class=\"n-sticky\"><div class=\"vc_column-inner\" >\n\t\t\t<div class=\"wpb_wrapper\">\n\t\t\t\t<div  class=\"vc_wp_custommenu wpb_content_element\"><div class=\"widget widget_nav_menu\"><h2 class=\"widgettitle\">MENU<\/h2><div class=\"menu-csrs-2024-container\"><ul id=\"menu-csrs-2025\" class=\"menu\"><li class=\"menu-item menu-item-type-post_type menu-item-object-page menu-item-has-children menu-item-10152\"><a href=\"https:\/\/crss-sct.ca\/fr\/evenements\/csrs2024halifax\/\" aria-haspopup=\"true\" aria-expanded=\"false\">45e Symposium canadien de t\u00e9l\u00e9d\u00e9tection<\/a>\n<ul class=\"sub-menu\">\n\t<li class=\"menu-item menu-item-type-post_type menu-item-object-page menu-item-10223\"><a href=\"https:\/\/crss-sct.ca\/fr\/evenements\/csrs2024halifax\/organizing-committee\/\">Comit\u00e9 d'organisation<\/a><\/li>\n<\/ul>\n<\/li>\n<li class=\"menu-item menu-item-type-post_type menu-item-object-page menu-item-has-children menu-item-10150\"><a href=\"https:\/\/crss-sct.ca\/fr\/evenements\/csrs2024halifax\/program\/\" aria-haspopup=\"true\" aria-expanded=\"false\">Programme<\/a>\n<ul class=\"sub-menu\">\n\t<li class=\"menu-item menu-item-type-post_type menu-item-object-page menu-item-10315\"><a href=\"https:\/\/crss-sct.ca\/fr\/evenements\/csrs2024halifax\/keynote-speakers\/\">Conf\u00e9renciers keynote<\/a><\/li>\n\t<li class=\"menu-item menu-item-type-post_type menu-item-object-page menu-item-10292\"><a href=\"https:\/\/crss-sct.ca\/fr\/evenements\/csrs2024halifax\/workshops\/\">Ateliers<\/a><\/li>\n<\/ul>\n<\/li>\n<li class=\"menu-item menu-item-type-custom menu-item-object-custom menu-item-has-children menu-item-10153\"><a href=\"https:\/\/businesseventshalifax.com\/events\/canadian-symposium-remote-sensing\" aria-haspopup=\"true\" aria-expanded=\"false\">D\u00e9couvrir Halifax<\/a>\n<ul class=\"sub-menu\">\n\t<li class=\"menu-item menu-item-type-custom menu-item-object-custom menu-item-10154\"><a href=\"https:\/\/businesseventshalifax.com\/events\/canadian-symposium-remote-sensing\">D\u00e9couvrir Halifax<\/a><\/li>\n\t<li class=\"menu-item menu-item-type-post_type menu-item-object-page menu-item-10151\"><a href=\"https:\/\/crss-sct.ca\/fr\/evenements\/csrs2024halifax\/venue-maps\/\">Plans des lieux<\/a><\/li>\n\t<li class=\"menu-item menu-item-type-post_type menu-item-object-page menu-item-10155\"><a href=\"https:\/\/crss-sct.ca\/fr\/evenements\/csrs2024halifax\/accommodation\/\">H\u00e9bergement - R\u00e9servez t\u00f4t !<\/a><\/li>\n\t<li class=\"menu-item menu-item-type-post_type menu-item-object-page menu-item-10156\"><a href=\"https:\/\/crss-sct.ca\/fr\/evenements\/csrs2024halifax\/flights-halifax\/\">Vols vers Halifax<\/a><\/li>\n<\/ul>\n<\/li>\n<li class=\"menu-item menu-item-type-post_type menu-item-object-page menu-item-10157\"><a href=\"https:\/\/crss-sct.ca\/fr\/evenements\/csrs2024halifax\/registration\/\">Inscription<\/a><\/li>\n<li class=\"menu-item menu-item-type-custom menu-item-object-custom menu-item-has-children menu-item-10158\"><a aria-haspopup=\"true\" aria-expanded=\"false\">Auteurs<\/a>\n<ul class=\"sub-menu\">\n\t<li class=\"menu-item menu-item-type-post_type menu-item-object-page menu-item-10159\"><a href=\"https:\/\/crss-sct.ca\/fr\/evenements\/csrs2024halifax\/important-dates\/\">Dates importantes<\/a><\/li>\n\t<li class=\"menu-item menu-item-type-post_type menu-item-object-page menu-item-10160\"><a href=\"https:\/\/crss-sct.ca\/fr\/evenements\/csrs2024halifax\/extended-abstracts\/\">Appel de r\u00e9sum\u00e9s d\u00e9taill\u00e9s<\/a><\/li>\n\t<li class=\"menu-item menu-item-type-post_type menu-item-object-page menu-item-10161\"><a href=\"https:\/\/crss-sct.ca\/fr\/evenements\/csrs2024halifax\/applied-remote-sensing\/\">Appel \u00e0 r\u00e9sum\u00e9s sur le sujet \u00ab T\u00e9l\u00e9d\u00e9tection appliqu\u00e9e \u00bb<\/a><\/li>\n\t<li class=\"menu-item menu-item-type-post_type menu-item-object-page menu-item-10162\"><a href=\"https:\/\/crss-sct.ca\/fr\/evenements\/csrs2024halifax\/invited-sessions-closed\/\">Appel \u00e0 propositions pour les sessions invit\u00e9es - FERM\u00c9<\/a><\/li>\n<\/ul>\n<\/li>\n<li class=\"menu-item menu-item-type-post_type menu-item-object-page menu-item-has-children menu-item-10164\"><a href=\"https:\/\/crss-sct.ca\/fr\/evenements\/csrs2024halifax\/sponsors-exhibitors\/\" aria-haspopup=\"true\" aria-expanded=\"false\">Sponsors &amp; Exposants<\/a>\n<ul class=\"sub-menu\">\n\t<li class=\"menu-item menu-item-type-post_type menu-item-object-page menu-item-10163\"><a href=\"https:\/\/crss-sct.ca\/fr\/evenements\/csrs2024halifax\/sponsorship-exhibitor-booths\/\">Parrainage &amp; Kiosques d'exposants<\/a><\/li>\n<\/ul>\n<\/li>\n<\/ul><\/div><\/div><\/div>\n\t\t\t<\/div> \n\t\t<\/div><\/div>\n\t<\/div> \n\n\t<div  class=\"vc_col-sm-9 wpb_column column_container vc_column_container col no-extra-padding inherit_tablet inherit_phone\"  data-padding-pos=\"all\" data-has-bg-color=\"false\" data-bg-color=\"\" data-bg-opacity=\"1\" data-animation=\"\" data-delay=\"0\" >\n\t\t<div class=\"vc_column-inner\" >\n\t\t\t<div class=\"wpb_wrapper\">\n\t\t\t\t\n<div class=\"wpb_text_column wpb_content_element\" >\n\t<div class=\"wpb_wrapper\">\n\t\t<h2 style=\"text-align: center;\">Bienvenue au SCT 2024<\/h2>\n<p style=\"text-align: left;\" class=\"translation-block\">En 2024, le 45<sup>e<\/sup> Symposium canadien de t\u00e9l\u00e9d\u00e9tection (SCT) se tiendra \u00e0 l'Universit\u00e9 Dalhousie \u00e0 Halifax, en Nouvelle-\u00c9cosse, du 10 au 13 juin. La SCT 2024 - un <a href=\"https:\/\/www.isprs.org\/default.aspx\" target=\"_blank\" rel=\"noopener\">\u00e9v\u00e9nement coparrain\u00e9 par l'ISPRS<\/a> - r\u00e9unirons des universitaires, des praticiens, des fournisseurs et des d\u00e9cideurs de la communaut\u00e9 de la t\u00e9l\u00e9d\u00e9tection lors d'un \u00e9v\u00e9nement informatif et productif de quatre jours intitule <em>Explorer le pass\u00e9, le pr\u00e9sent et le futur<\/em>.<\/p>\n<p style=\"text-align: left;\">Avec des ateliers, des conf\u00e9renciers principaux, des s\u00e9ances orales et par affiches, des expositions et des discussions en groupe, les participants profiteront d'un contenu technique de pointe et de possibilit\u00e9s de r\u00e9seautage.  Le symposium se d\u00e9roulera en personne \u00e0 l\u2019Universit\u00e9 Dalhousie; avec un banquet de remise des prix aura lieu sur le front de mer d'Halifax, au Pier 21.<\/p>\n<p style=\"text-align: left;\">De plus amples informations sur le lieu, l'h\u00e9bergement, le contenu du programme, la soumission des r\u00e9sum\u00e9s et le processus d'inscription seront publi\u00e9es sur ce site Web dans les semaines et les mois \u00e0 venir. Pour les mises \u00e0 jour, vous pouvez suivre nos pages de m\u00e9dias sociaux CRSS-SCT :<\/p>\n\t<\/div>\n<\/div>\n\n\n\n<div id=\"fws_69f4c40ca4ced\" data-midnight=\"\" data-column-margin=\"default\" class=\"wpb_row vc_row-fluid vc_row inner_row\"  style=\"\"><div class=\"row-bg-wrap\"> <div class=\"row-bg\" ><\/div> <\/div><div class=\"row_col_wrap_12_inner col span_12  left\">\n\t<div  class=\"vc_col-sm-3 wpb_column column_container vc_column_container col child_column no-extra-padding inherit_tablet inherit_phone\"   data-padding-pos=\"all\" data-has-bg-color=\"false\" data-bg-color=\"\" data-bg-opacity=\"1\" data-animation=\"\" data-delay=\"0\" >\n\t\t<div class=\"vc_column-inner\" >\n\t\t<div class=\"wpb_wrapper\">\n\t\t\t<a class=\"nectar-button medium see-through-2\"  role=\"button\" style=\"\" target=\"_blank\" href=\"https:\/\/twitter.com\/CRSS__SCT\" data-color-override=\"false\" data-hover-color-override=\"false\" data-hover-text-color-override=\"#ffffff\"><span>X (Twitter) (CRSS)<\/span><\/a>\n\t\t<\/div> \n\t<\/div>\n\t<\/div> \n\n\t<div  class=\"vc_col-sm-3 wpb_column column_container vc_column_container col child_column no-extra-padding inherit_tablet inherit_phone\"   data-padding-pos=\"all\" data-has-bg-color=\"false\" data-bg-color=\"\" data-bg-opacity=\"1\" data-animation=\"\" data-delay=\"0\" >\n\t\t<div class=\"vc_column-inner\" >\n\t\t<div class=\"wpb_wrapper\">\n\t\t\t<a class=\"nectar-button medium see-through-2\"  role=\"button\" style=\"border-color: #000000; color: #000000;\" target=\"_blank\" href=\"https:\/\/twitter.com\/CSRS2024\" data-color-override=\"#000000\" data-hover-color-override=\"false\" data-hover-text-color-override=\"#ffffff\"><span>X (Twitter) (CSRS)<\/span><\/a>\n\t\t<\/div> \n\t<\/div>\n\t<\/div> \n\n\t<div  class=\"vc_col-sm-3 wpb_column column_container vc_column_container col child_column no-extra-padding inherit_tablet inherit_phone\"   data-padding-pos=\"all\" data-has-bg-color=\"false\" data-bg-color=\"\" data-bg-opacity=\"1\" data-animation=\"\" data-delay=\"0\" >\n\t\t<div class=\"vc_column-inner\" >\n\t\t<div class=\"wpb_wrapper\">\n\t\t\t<a class=\"nectar-button medium see-through-2\"  role=\"button\" style=\"border-color: #000000; color: #000000;\" target=\"_blank\" href=\"https:\/\/www.facebook.com\/CRSSSCT\" data-color-override=\"#000000\" data-hover-color-override=\"false\" data-hover-text-color-override=\"#ffffff\"><span>Facebook<\/span><\/a>\n\t\t<\/div> \n\t<\/div>\n\t<\/div> \n\n\t<div  class=\"vc_col-sm-3 wpb_column column_container vc_column_container col child_column no-extra-padding inherit_tablet inherit_phone\"   data-padding-pos=\"all\" data-has-bg-color=\"false\" data-bg-color=\"\" data-bg-opacity=\"1\" data-animation=\"\" data-delay=\"0\" >\n\t\t<div class=\"vc_column-inner\" >\n\t\t<div class=\"wpb_wrapper\">\n\t\t\t<a class=\"nectar-button medium see-through-2\"  role=\"button\" style=\"border-color: #000000; color: #000000;\" target=\"_blank\" href=\"https:\/\/www.linkedin.com\/company\/crss-sct\/\" data-color-override=\"#000000\" data-hover-color-override=\"false\" data-hover-text-color-override=\"#ffffff\"><span>LinkedIn<\/span><\/a>\n\t\t<\/div> \n\t<\/div>\n\t<\/div> \n<\/div><\/div><div id=\"fws_69f4c40ca6f20\" data-midnight=\"\" data-column-margin=\"default\" class=\"wpb_row vc_row-fluid vc_row inner_row\"  style=\"\"><div class=\"row-bg-wrap\"> <div class=\"row-bg\" ><\/div> <\/div><div class=\"row_col_wrap_12_inner col span_12  left\">\n\t<div  class=\"vc_col-sm-12 wpb_column column_container vc_column_container col child_column no-extra-padding inherit_tablet inherit_phone\"   data-padding-pos=\"all\" data-has-bg-color=\"false\" data-bg-color=\"\" data-bg-opacity=\"1\" data-animation=\"\" data-delay=\"0\" >\n\t\t<div class=\"vc_column-inner\" >\n\t\t<div class=\"wpb_wrapper\">\n\t\t\t\n<div class=\"wpb_text_column wpb_content_element\" >\n\t<div class=\"wpb_wrapper\">\n\t\t<p style=\"text-align: left;\">Au nom du CRSS-SCT et du comit\u00e9 organisateur du symposium, nous nous r\u00e9jouissons de vous voir vous joindre \u00e0 nous pour un partage de connaissances interdisciplinaires et interculturelles \u00e0 Halifax.<\/p>\n<p style=\"text-align: left;\">Raymond Jahncke, Co-Chair<br \/>\nForest Inventory Lidar Data Analyst, Nova Scotia Natural Resources and Renewables<\/p>\n<p class=\"translation-block\">Ahmed Shaker, Co-Chair<br>\r\nAssociate Dean, Cairo and International, Toronto Metropolitan University<\/p>\n<p style=\"text-align: left;\">Toute question ou suggestion concernant le symposium peut \u00eatre adress\u00e9e \u00e0 <a href=\"mailto:csrs2024@crss-sct.ca\">csrs2024@crss-sct.ca<\/a><\/p>\n\t<\/div>\n<\/div>\n\n\n\n\n\t\t<\/div> \n\t<\/div>\n\t<\/div> \n<\/div><\/div>\n\t\t\t<\/div> \n\t\t<\/div>\n\t<\/div> \n<\/div><\/div>","protected":false},"excerpt":{"rendered":"MENU45th Canadian Symposium on Remote Sensing Organizing Committee Program Keynote Speakers Workshops Discover Halifax Discover Halifax Venue maps Accommodation \u2013 Book Early! Flights to Halifax Registration Authors Important Dates Call...","protected":false},"author":592,"featured_media":0,"parent":15,"menu_order":0,"comment_status":"closed","ping_status":"closed","template":"","meta":{"footnotes":""},"class_list":["post-9961","page","type-page","status-publish"],"_links":{"self":[{"href":"https:\/\/crss-sct.ca\/fr\/wp-json\/wp\/v2\/pages\/9961","targetHints":{"allow":["GET"]}}],"collection":[{"href":"https:\/\/crss-sct.ca\/fr\/wp-json\/wp\/v2\/pages"}],"about":[{"href":"https:\/\/crss-sct.ca\/fr\/wp-json\/wp\/v2\/types\/page"}],"author":[{"embeddable":true,"href":"https:\/\/crss-sct.ca\/fr\/wp-json\/wp\/v2\/users\/592"}],"replies":[{"embeddable":true,"href":"https:\/\/crss-sct.ca\/fr\/wp-json\/wp\/v2\/comments?post=9961"}],"version-history":[{"count":10,"href":"https:\/\/crss-sct.ca\/fr\/wp-json\/wp\/v2\/pages\/9961\/revisions"}],"predecessor-version":[{"id":10357,"href":"https:\/\/crss-sct.ca\/fr\/wp-json\/wp\/v2\/pages\/9961\/revisions\/10357"}],"up":[{"embeddable":true,"href":"https:\/\/crss-sct.ca\/fr\/wp-json\/wp\/v2\/pages\/15"}],"wp:attachment":[{"href":"https:\/\/crss-sct.ca\/fr\/wp-json\/wp\/v2\/media?parent=9961"}],"curies":[{"name":"wp","href":"https:\/\/api.w.org\/{rel}","templated":true}]}}